{"id":105,"date":"2020-07-07T08:58:26","date_gmt":"2020-07-07T08:58:26","guid":{"rendered":"https:\/\/cantinesangiorgi.it\/?page_id=105"},"modified":"2020-08-20T07:48:24","modified_gmt":"2020-08-20T07:48:24","slug":"famiglia-sangiorgi","status":"publish","type":"page","link":"https:\/\/cantinesangiorgi.it\/index.php\/famiglia-sangiorgi\/","title":{"rendered":"Famiglia Sangiorgi Vitivicoltori per tradizione"},"content":{"rendered":"<p>[et_pb_section fb_built=&#8221;1&#8243; inner_shadow=&#8221;on&#8221; custom_padding_last_edited=&#8221;on|tablet&#8221; admin_label=&#8221;Header&#8221; _builder_version=&#8221;4.4.9&#8243; background_color=&#8221;#f9f5f1&#8243; custom_padding=&#8221;10px||10px||false|false&#8221; custom_padding_tablet=&#8221;40px||40px||true|false&#8221; custom_padding_phone=&#8221;&#8221; background_color_gradient_start_position_tablet=&#8221;80%&#8221; background_color_gradient_start_position_phone=&#8221;75%&#8221; background_color_gradient_end_position_tablet=&#8221;80%&#8221; background_color_gradient_end_position_phone=&#8221;75%&#8221;][et_pb_row _builder_version=&#8221;4.4.9&#8243; custom_padding=&#8221;0px|||||&#8221;][et_pb_column type=&#8221;4_4&#8243; _builder_version=&#8221;4.4.9&#8243;][et_pb_image src=&#8221;https:\/\/cantinesangiorgi.it\/wp-content\/uploads\/2020\/07\/logo3.png&#8221; alt=&#8221;Cantine Sangiorgi C\u00e0 del Pero&#8221; title_text=&#8221;Homepage&#8221; url=&#8221;https:\/\/www.cantinesangiorgi.it&#8221; align=&#8221;center&#8221; _builder_version=&#8221;4.4.9&#8243;][\/et_pb_image][\/et_pb_column][\/et_pb_row][\/et_pb_section][et_pb_section fb_built=&#8221;1&#8243; inner_shadow=&#8221;on&#8221; fullwidth=&#8221;on&#8221; _builder_version=&#8221;4.4.9&#8243;][et_pb_fullwidth_image src=&#8221;https:\/\/cantinesangiorgi.it\/wp-content\/uploads\/2020\/07\/prova-1.jpg&#8221; title_text=&#8221;prova&#8221; _builder_version=&#8221;4.4.9&#8243;][\/et_pb_fullwidth_image][\/et_pb_section][et_pb_section fb_built=&#8221;1&#8243; admin_label=&#8221;Our Process&#8221; _builder_version=&#8221;4.4.3&#8243; background_color=&#8221;#f9f5f1&#8243; background_enable_image=&#8221;off&#8221; background_size=&#8221;initial&#8221; locked=&#8221;off&#8221;][et_pb_row _builder_version=&#8221;4.4.9&#8243;][et_pb_column type=&#8221;4_4&#8243; _builder_version=&#8221;4.4.3&#8243; custom_padding=&#8221;30px|30px|30px|30px|true|true&#8221; border_width_all=&#8221;2px&#8221; border_color_all=&#8221;#e8e2d7&#8243;][et_pb_text _builder_version=&#8221;4.4.9&#8243; text_font=&#8221;Lora||||||||&#8221; header_2_text_color=&#8221;#280400&#8243; header_2_font_size=&#8221;60px&#8221; header_2_line_height=&#8221;1.2em&#8221; custom_margin=&#8221;||-6px|||&#8221; header_2_font_size_tablet=&#8221;40px&#8221; header_2_font_size_phone=&#8221;28px&#8221; header_2_font_size_last_edited=&#8221;on|phone&#8221; header_2_line_height_tablet=&#8221;1.4em&#8221; header_2_line_height_phone=&#8221;&#8221; header_2_line_height_last_edited=&#8221;on|phone&#8221;]<\/p>\n<h3><strong>Famiglia Sangiorgi&#8230; Viticoltori per tradizione<\/strong><\/h3>\n<p>[\/et_pb_text][et_pb_text _builder_version=&#8221;4.4.9&#8243; text_font=&#8221;Lora||||||||&#8221; text_line_height=&#8221;2em&#8221; min_height=&#8221;95px&#8221; custom_padding=&#8221;38px|||||&#8221; locked=&#8221;off&#8221;]<\/p>\n<p style=\"text-align: justify;\">La <strong>Famiglia Sangiorgi<\/strong> dall&#8217;inizio del &#8216;900 conduce in propriet\u00e0 l&#8217;<strong>Azienda Agricola C\u00e0 del Pero<\/strong> coltivando i vitigni pi\u00f9 vocati dell&#8217;Oltrep\u00f2 Pavese. Una famiglia che \u00e8 rimasta di tradizione contadina ma che nel tempo ha saputo adeguare ed ammordenare la produzione di vini di qualit\u00e0 sempre pi\u00f9 richiesti da una clientela pi\u00f9 preparata.<\/p>\n<p style=\"text-align: justify;\"><strong>40 ettari<\/strong> vitati a <strong>Croatina<\/strong>, con cui si produce il primo vino dell&#8217;Oltrep\u00f2 Pavese la Bonarda, a <strong>Pinot Nero<\/strong> che da orgine ad eleganti Spumanti, <strong>Riesling<\/strong> e <strong>Chardonnay<\/strong> per freschi e fragranti vini bianchi ed infine un classico da abbinare ai dolci, il <strong>Moscato<\/strong>. I vigneti sono tutti siti in favorevoli zone, con un&#8217;ottima esposizione nella prima fascia collinare dell&#8217;Oltrep\u00f2 Pavese, quella pi\u00f9 vocata alla coltivazione della vite, nei Comuni di <strong>Santa Giuletta<\/strong>, <strong>Casteggio<\/strong> e <strong>Torrazza Coste<\/strong>.<\/p>\n<p style=\"text-align: justify;\">Oggi sono i fratelli <strong>Lorenzo<\/strong> e <strong>Pierangelo<\/strong> a continuare la tradizione della <strong>Famiglia Sangiorgi<\/strong>. In vigna e in cantina il pap\u00e0 <strong>Angelo<\/strong> &#8220;<em>dice ancora la sua<\/em>&#8221; svelando ogni giorno ai figli qualche segreto, mentre la mamma <strong>Angela<\/strong> di occupa della contabilit\u00e0 dell&#8217;Azienda Agricola.\u00a0<\/p>\n<p style=\"text-align: justify;\">[\/et_pb_text][\/et_pb_column][\/et_pb_row][\/et_pb_section][et_pb_section fb_built=&#8221;1&#8243; _builder_version=&#8221;4.4.9&#8243; background_color=&#8221;rgba(0,0,0,0)&#8221; use_background_color_gradient=&#8221;on&#8221; background_color_gradient_start=&#8221;rgba(201,164,232,0.3)&#8221; background_color_gradient_end=&#8221;rgba(228,225,232,0.44)&#8221;][et_pb_row column_structure=&#8221;2_5,3_5&#8243; _builder_version=&#8221;4.4.9&#8243; background_image=&#8221;https:\/\/cantinesangiorgi.it\/wp-content\/uploads\/2020\/07\/sfondo.jpg&#8221; parallax=&#8221;on&#8221; position_origin_r=&#8221;top_right&#8221; vertical_offset=&#8221;0px&#8221; width=&#8221;65%&#8221; max_width=&#8221;1080px&#8221; module_alignment=&#8221;center&#8221; min_height=&#8221;400px&#8221; height=&#8221;400px&#8221; max_height=&#8221;400px&#8221; custom_margin=&#8221;0px||||false|false&#8221; custom_padding=&#8221;151px|||||&#8221; border_radii=&#8221;on|13px|13px|13px|13px&#8221; box_shadow_style=&#8221;preset1&#8243; box_shadow_blur=&#8221;30px&#8221;][et_pb_column type=&#8221;2_5&#8243; _builder_version=&#8221;4.4.9&#8243; custom_padding=&#8221;|||10px|false|false&#8221;][et_pb_text _builder_version=&#8221;4.4.9&#8243; text_font=&#8221;Lora|||on|||||&#8221; text_text_color=&#8221;#000000&#8243; text_line_height=&#8221;2em&#8221; header_2_font_size=&#8221;40px&#8221; header_2_line_height=&#8221;1.2em&#8221; text_orientation=&#8221;center&#8221; background_layout=&#8221;dark&#8221; width=&#8221;70%&#8221; max_width=&#8221;96%&#8221; module_alignment=&#8221;center&#8221; min_height=&#8221;242px&#8221; custom_margin=&#8221;-100px|43px|113px||false|false&#8221; custom_padding=&#8221;3px||0px||false|false&#8221; link_option_url=&#8221;https:\/\/cantinesangiorgi.it\/index.php\/vini-consegna-domicilio\/&#8221; hover_enabled=&#8221;0&#8243; header_2_font_size_tablet=&#8221;40px&#8221; header_2_font_size_phone=&#8221;28px&#8221; header_2_font_size_last_edited=&#8221;on|phone&#8221; header_2_line_height_tablet=&#8221;1.4em&#8221; header_2_line_height_phone=&#8221;&#8221; header_2_line_height_last_edited=&#8221;on|phone&#8221; border_radii=&#8221;on|9px|9px|9px|9px&#8221; box_shadow_style=&#8221;preset1&#8243; locked=&#8221;off&#8221;]<\/p>\n<h2 style=\"text-align: center;\"><img loading=\"lazy\" decoding=\"async\" src=\"https:\/\/cantinesangiorgi.it\/wp-content\/uploads\/2020\/08\/consegne.png\" width=\"262\" height=\"141\" alt=\"\" class=\"wp-image-358 alignnone size-full\" \/><\/h2>\n<h2 style=\"text-align: center;\"><span style=\"color: #993366;\">CONSEGNE A DOMICILIO<\/span><\/h2>\n<p>[\/et_pb_text][\/et_pb_column][et_pb_column type=&#8221;3_5&#8243; _builder_version=&#8221;4.4.9&#8243;][et_pb_text disabled_on=&#8221;on|off|off&#8221; _builder_version=&#8221;4.4.9&#8243; text_font=&#8221;Lora||||||||&#8221; text_line_height=&#8221;2em&#8221; header_2_font_size=&#8221;40px&#8221; header_2_line_height=&#8221;1.2em&#8221; background_layout=&#8221;dark&#8221; width=&#8221;80%&#8221; max_width=&#8221;80%&#8221; module_alignment=&#8221;center&#8221; min_height=&#8221;100px&#8221; max_height=&#8221;1000px&#8221; custom_margin=&#8221;-36px||2px||false|false&#8221; header_2_font_size_tablet=&#8221;40px&#8221; header_2_font_size_phone=&#8221;28px&#8221; header_2_font_size_last_edited=&#8221;on|phone&#8221; header_2_line_height_tablet=&#8221;1.4em&#8221; header_2_line_height_phone=&#8221;&#8221; header_2_line_height_last_edited=&#8221;on|phone&#8221; border_style_all=&#8221;none&#8221; locked=&#8221;off&#8221;]<\/p>\n<p style=\"text-align: center;\"><span color=\"#000000\" style=\"color: #000000;\"><b>L&#8217;Azienda Agricola C\u00e0 del Pero Cantine Sangiorgi, per soddisfare al meglio le richieste della clientela, consegna direttamente al domicilio vini in bottiglia e vini sfusi.<\/b><\/span><\/p>\n<p style=\"text-align: center;\"><span color=\"#000000\" style=\"color: #000000;\"><b>Un servizio accurato, gestito direttamente in azienda, senza corrieri, proprio per essere sempre pronti alle esigenze del cliente.<\/b><\/span><\/p>\n<p>[\/et_pb_text][et_pb_button button_url=&#8221;https:\/\/cantinesangiorgi.it\/index.php\/vini-consegna-domicilio&#8221; button_text=&#8221;Modalit\u00e0 consegne a domicilio&#8221; button_alignment=&#8221;center&#8221; _builder_version=&#8221;4.4.9&#8243; custom_button=&#8221;on&#8221; button_text_size=&#8221;14px&#8221; button_text_color=&#8221;#8300e9&#8243; button_bg_color=&#8221;#ffffff&#8221; button_border_color=&#8221;rgba(232,226,215,0.2)&#8221; button_border_radius=&#8221;5px&#8221; button_font=&#8221;Lora||on||||||&#8221; button_use_icon=&#8221;off&#8221; background_layout=&#8221;dark&#8221; custom_padding=&#8221;10px|20px|10px|20px|true|true&#8221; custom_padding_tablet=&#8221;18px|50px|18px|50px|true|true&#8221; custom_padding_phone=&#8221;16px|40px|16px|40px|true|true&#8221; custom_padding_last_edited=&#8221;off|desktop&#8221; button_bg_color_last_edited=&#8221;off|desktop&#8221; locked=&#8221;off&#8221; button_text_color__hover=&#8221;#ffffff&#8221; button_text_color__hover_enabled=&#8221;off|hover&#8221; button_bg_color__hover=&#8221;#280400&#8243; button_bg_color__hover_enabled=&#8221;off|desktop&#8221; button_border_color__hover_enabled=&#8221;on|desktop&#8221; button_border_color__hover=&#8221;#e8e2d7&#8243;][\/et_pb_button][\/et_pb_column][\/et_pb_row][\/et_pb_section][et_pb_section fb_built=&#8221;1&#8243; _builder_version=&#8221;4.4.9&#8243;][\/et_pb_section]<\/p>\n","protected":false},"excerpt":{"rendered":"<p>Famiglia Sangiorgi&#8230; Viticoltori per tradizioneLa Famiglia Sangiorgi dall&#8217;inizio del &#8216;900 conduce in propriet\u00e0 l&#8217;Azienda Agricola C\u00e0 del Pero coltivando i vitigni pi\u00f9 vocati dell&#8217;Oltrep\u00f2 Pavese. Una famiglia che \u00e8 rimasta di tradizione contadina ma che nel tempo ha saputo adeguare ed ammordenare la produzione di vini di qualit\u00e0 sempre pi\u00f9 richiesti da una clientela pi\u00f9 [&hellip;]<\/p>\n","protected":false},"author":1,"featured_media":0,"parent":0,"menu_order":0,"comment_status":"closed","ping_status":"closed","template":"","meta":{"_et_pb_use_builder":"on","_et_pb_old_content":"","_et_gb_content_width":"","footnotes":""},"class_list":["post-105","page","type-page","status-publish","hentry"],"yoast_head":"<!-- This site is optimized with the Yoast SEO plugin v24.0 - https:\/\/yoast.com\/wordpress\/plugins\/seo\/ -->\n<title>Famiglia Sangiorgi Vitivicoltori per tradizione in Oltrep\u00f2 Pavese<\/title>\n<meta name=\"description\" content=\"La Famiglia Sangiorgi da quasi un secolo produce vini di qualit\u00e0 a Santa Giuletta in Oltrep\u00f2 Pavese tramandando da generazione in generazione questa passione\" \/>\n<meta name=\"robots\" content=\"index, follow, max-snippet:-1, max-image-preview:large, max-video-preview:-1\" \/>\n<link rel=\"canonical\" href=\"https:\/\/cantinesangiorgi.it\/index.php\/famiglia-sangiorgi\/\" \/>\n<meta property=\"og:locale\" content=\"it_IT\" \/>\n<meta property=\"og:type\" content=\"article\" \/>\n<meta property=\"og:title\" content=\"Famiglia Sangiorgi Vitivicoltori per tradizione in Oltrep\u00f2 Pavese\" \/>\n<meta property=\"og:description\" content=\"La Famiglia Sangiorgi da quasi un secolo produce vini di qualit\u00e0 a Santa Giuletta in Oltrep\u00f2 Pavese tramandando da generazione in generazione questa passione\" \/>\n<meta property=\"og:url\" content=\"https:\/\/cantinesangiorgi.it\/index.php\/famiglia-sangiorgi\/\" \/>\n<meta property=\"og:site_name\" content=\"Cantina Sangiorgi a Santa Giuletta\" \/>\n<meta property=\"article:modified_time\" content=\"2020-08-20T07:48:24+00:00\" \/>\n<meta property=\"og:image\" content=\"https:\/\/cantinesangiorgi.it\/wp-content\/uploads\/2020\/08\/consegne.png\" \/>\n<meta name=\"twitter:card\" content=\"summary_large_image\" \/>\n<meta name=\"twitter:label1\" content=\"Tempo di lettura stimato\" \/>\n\t<meta name=\"twitter:data1\" content=\"5 minuti\" \/>\n<script type=\"application\/ld+json\" class=\"yoast-schema-graph\">{\"@context\":\"https:\/\/schema.org\",\"@graph\":[{\"@type\":\"WebPage\",\"@id\":\"https:\/\/cantinesangiorgi.it\/index.php\/famiglia-sangiorgi\/\",\"url\":\"https:\/\/cantinesangiorgi.it\/index.php\/famiglia-sangiorgi\/\",\"name\":\"Famiglia Sangiorgi Vitivicoltori per tradizione in Oltrep\u00f2 Pavese\",\"isPartOf\":{\"@id\":\"https:\/\/cantinesangiorgi.it\/#website\"},\"primaryImageOfPage\":{\"@id\":\"https:\/\/cantinesangiorgi.it\/index.php\/famiglia-sangiorgi\/#primaryimage\"},\"image\":{\"@id\":\"https:\/\/cantinesangiorgi.it\/index.php\/famiglia-sangiorgi\/#primaryimage\"},\"thumbnailUrl\":\"https:\/\/cantinesangiorgi.it\/wp-content\/uploads\/2020\/08\/consegne.png\",\"datePublished\":\"2020-07-07T08:58:26+00:00\",\"dateModified\":\"2020-08-20T07:48:24+00:00\",\"description\":\"La Famiglia Sangiorgi da quasi un secolo produce vini di qualit\u00e0 a Santa Giuletta in Oltrep\u00f2 Pavese tramandando da generazione in generazione questa passione\",\"breadcrumb\":{\"@id\":\"https:\/\/cantinesangiorgi.it\/index.php\/famiglia-sangiorgi\/#breadcrumb\"},\"inLanguage\":\"it-IT\",\"potentialAction\":[{\"@type\":\"ReadAction\",\"target\":[\"https:\/\/cantinesangiorgi.it\/index.php\/famiglia-sangiorgi\/\"]}]},{\"@type\":\"ImageObject\",\"inLanguage\":\"it-IT\",\"@id\":\"https:\/\/cantinesangiorgi.it\/index.php\/famiglia-sangiorgi\/#primaryimage\",\"url\":\"https:\/\/cantinesangiorgi.it\/wp-content\/uploads\/2020\/08\/consegne.png\",\"contentUrl\":\"https:\/\/cantinesangiorgi.it\/wp-content\/uploads\/2020\/08\/consegne.png\",\"width\":262,\"height\":141},{\"@type\":\"BreadcrumbList\",\"@id\":\"https:\/\/cantinesangiorgi.it\/index.php\/famiglia-sangiorgi\/#breadcrumb\",\"itemListElement\":[{\"@type\":\"ListItem\",\"position\":1,\"name\":\"Home\",\"item\":\"https:\/\/cantinesangiorgi.it\/\"},{\"@type\":\"ListItem\",\"position\":2,\"name\":\"Famiglia Sangiorgi Vitivicoltori per tradizione\"}]},{\"@type\":\"WebSite\",\"@id\":\"https:\/\/cantinesangiorgi.it\/#website\",\"url\":\"https:\/\/cantinesangiorgi.it\/\",\"name\":\"Cantina Sangiorgi a Santa Giuletta\",\"description\":\"Vini di qualit\u00e0 in Oltrep\u00f2 Pavese\",\"publisher\":{\"@id\":\"https:\/\/cantinesangiorgi.it\/#organization\"},\"potentialAction\":[{\"@type\":\"SearchAction\",\"target\":{\"@type\":\"EntryPoint\",\"urlTemplate\":\"https:\/\/cantinesangiorgi.it\/?s={search_term_string}\"},\"query-input\":{\"@type\":\"PropertyValueSpecification\",\"valueRequired\":true,\"valueName\":\"search_term_string\"}}],\"inLanguage\":\"it-IT\"},{\"@type\":\"Organization\",\"@id\":\"https:\/\/cantinesangiorgi.it\/#organization\",\"name\":\"Cantina C\u00e0 del Pero San Giorgi\",\"url\":\"https:\/\/cantinesangiorgi.it\/\",\"logo\":{\"@type\":\"ImageObject\",\"inLanguage\":\"it-IT\",\"@id\":\"https:\/\/cantinesangiorgi.it\/#\/schema\/logo\/image\/\",\"url\":\"https:\/\/cantinesangiorgi.it\/wp-content\/uploads\/2020\/07\/immagine_home.png\",\"contentUrl\":\"https:\/\/cantinesangiorgi.it\/wp-content\/uploads\/2020\/07\/immagine_home.png\",\"width\":441,\"height\":423,\"caption\":\"Cantina C\u00e0 del Pero San Giorgi\"},\"image\":{\"@id\":\"https:\/\/cantinesangiorgi.it\/#\/schema\/logo\/image\/\"}}]}<\/script>\n<!-- \/ Yoast SEO plugin. -->","yoast_head_json":{"title":"Famiglia Sangiorgi Vitivicoltori per tradizione in Oltrep\u00f2 Pavese","description":"La Famiglia Sangiorgi da quasi un secolo produce vini di qualit\u00e0 a Santa Giuletta in Oltrep\u00f2 Pavese tramandando da generazione in generazione questa passione","robots":{"index":"index","follow":"follow","max-snippet":"max-snippet:-1","max-image-preview":"max-image-preview:large","max-video-preview":"max-video-preview:-1"},"canonical":"https:\/\/cantinesangiorgi.it\/index.php\/famiglia-sangiorgi\/","og_locale":"it_IT","og_type":"article","og_title":"Famiglia Sangiorgi Vitivicoltori per tradizione in Oltrep\u00f2 Pavese","og_description":"La Famiglia Sangiorgi da quasi un secolo produce vini di qualit\u00e0 a Santa Giuletta in Oltrep\u00f2 Pavese tramandando da generazione in generazione questa passione","og_url":"https:\/\/cantinesangiorgi.it\/index.php\/famiglia-sangiorgi\/","og_site_name":"Cantina Sangiorgi a Santa Giuletta","article_modified_time":"2020-08-20T07:48:24+00:00","og_image":[{"url":"https:\/\/cantinesangiorgi.it\/wp-content\/uploads\/2020\/08\/consegne.png","type":"","width":"","height":""}],"twitter_card":"summary_large_image","twitter_misc":{"Tempo di lettura stimato":"5 minuti"},"schema":{"@context":"https:\/\/schema.org","@graph":[{"@type":"WebPage","@id":"https:\/\/cantinesangiorgi.it\/index.php\/famiglia-sangiorgi\/","url":"https:\/\/cantinesangiorgi.it\/index.php\/famiglia-sangiorgi\/","name":"Famiglia Sangiorgi Vitivicoltori per tradizione in Oltrep\u00f2 Pavese","isPartOf":{"@id":"https:\/\/cantinesangiorgi.it\/#website"},"primaryImageOfPage":{"@id":"https:\/\/cantinesangiorgi.it\/index.php\/famiglia-sangiorgi\/#primaryimage"},"image":{"@id":"https:\/\/cantinesangiorgi.it\/index.php\/famiglia-sangiorgi\/#primaryimage"},"thumbnailUrl":"https:\/\/cantinesangiorgi.it\/wp-content\/uploads\/2020\/08\/consegne.png","datePublished":"2020-07-07T08:58:26+00:00","dateModified":"2020-08-20T07:48:24+00:00","description":"La Famiglia Sangiorgi da quasi un secolo produce vini di qualit\u00e0 a Santa Giuletta in Oltrep\u00f2 Pavese tramandando da generazione in generazione questa passione","breadcrumb":{"@id":"https:\/\/cantinesangiorgi.it\/index.php\/famiglia-sangiorgi\/#breadcrumb"},"inLanguage":"it-IT","potentialAction":[{"@type":"ReadAction","target":["https:\/\/cantinesangiorgi.it\/index.php\/famiglia-sangiorgi\/"]}]},{"@type":"ImageObject","inLanguage":"it-IT","@id":"https:\/\/cantinesangiorgi.it\/index.php\/famiglia-sangiorgi\/#primaryimage","url":"https:\/\/cantinesangiorgi.it\/wp-content\/uploads\/2020\/08\/consegne.png","contentUrl":"https:\/\/cantinesangiorgi.it\/wp-content\/uploads\/2020\/08\/consegne.png","width":262,"height":141},{"@type":"BreadcrumbList","@id":"https:\/\/cantinesangiorgi.it\/index.php\/famiglia-sangiorgi\/#breadcrumb","itemListElement":[{"@type":"ListItem","position":1,"name":"Home","item":"https:\/\/cantinesangiorgi.it\/"},{"@type":"ListItem","position":2,"name":"Famiglia Sangiorgi Vitivicoltori per tradizione"}]},{"@type":"WebSite","@id":"https:\/\/cantinesangiorgi.it\/#website","url":"https:\/\/cantinesangiorgi.it\/","name":"Cantina Sangiorgi a Santa Giuletta","description":"Vini di qualit\u00e0 in Oltrep\u00f2 Pavese","publisher":{"@id":"https:\/\/cantinesangiorgi.it\/#organization"},"potentialAction":[{"@type":"SearchAction","target":{"@type":"EntryPoint","urlTemplate":"https:\/\/cantinesangiorgi.it\/?s={search_term_string}"},"query-input":{"@type":"PropertyValueSpecification","valueRequired":true,"valueName":"search_term_string"}}],"inLanguage":"it-IT"},{"@type":"Organization","@id":"https:\/\/cantinesangiorgi.it\/#organization","name":"Cantina C\u00e0 del Pero San Giorgi","url":"https:\/\/cantinesangiorgi.it\/","logo":{"@type":"ImageObject","inLanguage":"it-IT","@id":"https:\/\/cantinesangiorgi.it\/#\/schema\/logo\/image\/","url":"https:\/\/cantinesangiorgi.it\/wp-content\/uploads\/2020\/07\/immagine_home.png","contentUrl":"https:\/\/cantinesangiorgi.it\/wp-content\/uploads\/2020\/07\/immagine_home.png","width":441,"height":423,"caption":"Cantina C\u00e0 del Pero San Giorgi"},"image":{"@id":"https:\/\/cantinesangiorgi.it\/#\/schema\/logo\/image\/"}}]}},"_links":{"self":[{"href":"https:\/\/cantinesangiorgi.it\/index.php\/wp-json\/wp\/v2\/pages\/105"}],"collection":[{"href":"https:\/\/cantinesangiorgi.it\/index.php\/wp-json\/wp\/v2\/pages"}],"about":[{"href":"https:\/\/cantinesangiorgi.it\/index.php\/wp-json\/wp\/v2\/types\/page"}],"author":[{"embeddable":true,"href":"https:\/\/cantinesangiorgi.it\/index.php\/wp-json\/wp\/v2\/users\/1"}],"replies":[{"embeddable":true,"href":"https:\/\/cantinesangiorgi.it\/index.php\/wp-json\/wp\/v2\/comments?post=105"}],"version-history":[{"count":19,"href":"https:\/\/cantinesangiorgi.it\/index.php\/wp-json\/wp\/v2\/pages\/105\/revisions"}],"predecessor-version":[{"id":365,"href":"https:\/\/cantinesangiorgi.it\/index.php\/wp-json\/wp\/v2\/pages\/105\/revisions\/365"}],"wp:attachment":[{"href":"https:\/\/cantinesangiorgi.it\/index.php\/wp-json\/wp\/v2\/media?parent=105"}],"curies":[{"name":"wp","href":"https:\/\/api.w.org\/{rel}","templated":true}]}}