{"id":248,"date":"2020-07-08T07:06:35","date_gmt":"2020-07-08T07:06:35","guid":{"rendered":"https:\/\/cantinesangiorgi.it\/?page_id=248"},"modified":"2020-07-08T07:13:57","modified_gmt":"2020-07-08T07:13:57","slug":"cookie-policy","status":"publish","type":"page","link":"https:\/\/cantinesangiorgi.it\/index.php\/cookie-policy\/","title":{"rendered":"Cookie Policy"},"content":{"rendered":"<p>[et_pb_section fb_built=&#8221;1&#8243; _builder_version=&#8221;3.22&#8243;][et_pb_row _builder_version=&#8221;3.25&#8243; background_size=&#8221;initial&#8221; background_position=&#8221;top_left&#8221; background_repeat=&#8221;repeat&#8221;][et_pb_column type=&#8221;4_4&#8243; _builder_version=&#8221;3.25&#8243; custom_padding=&#8221;|||&#8221; custom_padding__hover=&#8221;|||&#8221;][et_pb_text _builder_version=&#8221;4.4.9&#8243; background_size=&#8221;initial&#8221; background_position=&#8221;top_left&#8221; background_repeat=&#8221;repeat&#8221; hover_enabled=&#8221;0&#8243;]<\/p>\n<p><!-- divi:heading --><\/p>\n<div class=\"pg_title\">\n<h1>COOKIE POLICY<\/h1>\n<p>&nbsp;<\/p>\n<p>&nbsp;<\/p>\n<\/div>\n<div class=\"pg_text\">\n<p style=\"text-align: justify;\"><strong>Cosa sono i cookie e perch\u00e9 li utilizziamo<\/strong><br \/> Questo sito fa uso dei cookie per consentire all&#8217;utente di personalizzare la propria visita sul sito.I cookie sono stringhe di testo di piccole dimensioni memorizzate dal browser sul disco rigido del computer con l&#8217;obiettivo di conservare e inviare informazioni. Ogni volta che un utente ritorna su questo sito, il browser rinvia questi cookie in modo da consentire di fornirgli un&#8217;esperienza di navigazione personalizzata, pi\u00f9 semplice e veloce evitando di fare determinate operazioni, come l&#8217;inserimento di dati, pi\u00f9 volte anche nelle successive navigazioni. Attraverso la navigazione sul sito l&#8217;utente pu\u00f2 ricevere cookie provenienti direttamente dallo stesso ovvero inviati da siti o da web server diversi (c.d. &#8220;terze parti&#8221;), per mezzo di elementi (quali, ad esempio, immagini, mappe, suoni, link) presenti sul sito che si sta visitando.<\/p>\n<p style=\"text-align: justify;\">Tuttavia questo sito non conserva le informazioni sensibili di identificazione personale (come indirizzo e password) nei cookie di cui ci serviamo. Allo stesso tempo non vengono utilizzati i cookie per inviare pubblicit\u00e0 ai nostri utenti sulla base di dati di navigazione n\u00e9 per altre finalit\u00e0 pubblicitarie, proprie o di terzi.<\/p>\n<p style=\"text-align: justify;\"><strong>Dove \u00e8 possibile trovare maggiori informazioni sui cookie?<\/strong><br \/> Garante Privacy:<span>\u00a0<\/span><a target=\"_blank\" class=\"link\" href=\"http:\/\/www.garanteprivacy.it\/web\/guest\/home\/docweb\/-\/docweb-display\/docweb\/3118884\" rel=\"noopener noreferrer\">clicca qui<\/a><\/p>\n<p style=\"text-align: justify;\"><strong>Disabilitazione dei cookie<\/strong><br \/> L&#8217;utente \u00e8 libero di eliminare i cookie mediante le funzionalit\u00e0 messe a disposizione direttamente tramite il proprio browser. Tuttavia, se si seleziona questa configurazione disattivando le opzioni relative ai cookie, \u00e8 possibile che non si riesca pi\u00f9 ad accedere a determinate parti del sito web, la navigazione potrebbe essere pi\u00f9 lenta e non sar\u00e0 pi\u00f9 possibile servirsi di alcuni dei nostri servizi, in quanto la loro inibizione ne pregiudica le funzionalit\u00e0 di navigazione.<br \/> Per maggiori informazioni sulle modalit\u00e0 di disattivazione dei cookie dal proprio browser si prega di fare riferimento alle aree informative a tal fine predisposte.<\/p>\n<p style=\"text-align: justify;\">Microsoft Windows Explorer:<span>\u00a0<\/span><a target=\"_blank\" class=\"link\" href=\"http:\/\/windows.microsoft.com\/it-it\/windows7\/block-enable-or-allow-cookie\" rel=\"noopener noreferrer\">clicca qui<\/a><br \/> Google Chrome:<span>\u00a0<\/span><a target=\"_blank\" class=\"link\" href=\"https:\/\/support.google.com\/chrome\/answer\/95647?hl=it&amp;p=cpn_cook\" rel=\"noopener noreferrer\">clicca qui<\/a><br \/> Mozilla Firefox:<span>\u00a0<\/span><a target=\"_blank\" class=\"link\" href=\"https:\/\/support.mozilla.org\/it\/kb\/Attivare%20e%20disattivare%20i%20cookieafa\" rel=\"noopener noreferrer\">clicca qui<\/a><br \/> Apple Safari:<span>\u00a0<\/span><a target=\"_blank\" class=\"link\" href=\"https:\/\/www.apple.com\/legal\/privacy\/it\/cookie\/\" rel=\"noopener noreferrer\">clicca qui<\/a><br \/> Opera:<span>\u00a0<\/span><a target=\"_blank\" class=\"link\" href=\"http:\/\/help.opera.com\/Windows\/10.00\/it\/cookie.html\" rel=\"noopener noreferrer\">clicca qui<\/a><\/p>\n<p style=\"text-align: justify;\"><strong>Tipologie di cookie esistenti<\/strong><br \/> I cookie possono distinguersi in<span>\u00a0<\/span><em>cookie proprietari<\/em><span>\u00a0<\/span>e<span>\u00a0<\/span><em>cookie di terze parti<\/em><span>\u00a0<\/span>ed, ulteriormente, in<span>\u00a0<\/span><em>cookie tecnici<\/em><span>\u00a0<\/span>e<span>\u00a0<\/span><em>cookie di profilazione<\/em>.<\/p>\n<p style=\"text-align: justify;\">I<span>\u00a0<\/span><strong>cookie tecnici<\/strong>, per cui non \u00e8 necessario alcun consenso espresso, attengono alle funzionalit\u00e0 del sito e possono a loro volta distinguersi tra:<\/p>\n<p style=\"text-align: justify;\"><strong><em>Cookie di navigazione\/sessione.<\/em><\/strong><span>\u00a0<\/span>Si tratta di cookie fondamentali per navigare all&#8217;interno del sito utilizzando tutte le sue funzionalit\u00e0, come ad esempio il mantenimento della sessione e l&#8217;accesso alle aree riservate. Sono strettamente necessari, in quanto senza di essi non sarebbe possibile fornire i servizi richiesti. Questi cookie non raccolgono informazioni da utilizzare per fini commerciali.<\/p>\n<p style=\"text-align: justify;\"><strong><em>Cookie di tipo analytics.<\/em><\/strong><span>\u00a0<\/span>Raccolgono informazioni, in forma aggregata, sul numero degli utenti e sulle modalit\u00e0 in cui questi visitano il sito (pagine visitate, numero di accessi, tempo di permanenza nel sito, ecc.) per ottimizzare la gestione del sito. Questi cookie non raccolgono informazioni che possano identificare in qualche modo l&#8217;utente.<\/p>\n<p style=\"text-align: justify;\"><strong><em>Cookie di funzionalit\u00e0.<\/em>\u00a0<\/strong>Raccolgono informazioni al fine di consentire all&#8217;utente la navigazione in funzione di una serie di criteri selezionati (ad esempio, la lingua, i prodotti selezionati per l&#8217;acquisto) per migliorare il servizio reso allo stesso. Le informazioni raccolte da questo tipo di cookie sono acquisite in forma anonima.<\/p>\n<p style=\"text-align: justify;\">I<span>\u00a0<\/span><strong>cookie di profilazione<\/strong>, il cui impiego comporta la prestazione del consenso alla ricezione dei cookie e al successivo utilizzo da parte nostra, vengono utilizzati per raccogliere dati di navigazione pertinenti all&#8217;utente con le preferenze manifestate dallo stesso nell&#8217;ambito della navigazione in rete.<\/p>\n<p style=\"text-align: justify;\">Una volta espresso il consenso, il nostro sito ne terr\u00e0 traccia per mezzo di un cookie tecnico per evitare di riproporre la medesima informativa nelle successive sessioni di accesso al sito.<\/p>\n<p style=\"text-align: justify;\"><strong>Cookie utilizzati dal presente sito<\/strong><\/p>\n<p style=\"text-align: justify;\"><strong>Cookie del titolare<\/strong><br \/> I cookie utilizzati sono di tipo tecnico.<\/p>\n<p style=\"text-align: justify;\"><strong>Cookie di terze parti<\/strong><\/p>\n<p style=\"text-align: justify;\"><strong>Google Analytics<\/strong><br \/> Sul sito sono presenti i cookie tecnici di terze parti di Google Analytics, questo \u00e8 un servizio di analisi web fornito da Google Inc. (&#8220;Google&#8221;). Questi permettono di registrare e visualizzare informazioni sull&#8217;uso del sito Web. Questi cookie permettono di ottenere informazioni tecniche dettagliate come:<br \/>&#8211; il percorso di navigazione dell&#8217;utente<br \/>&#8211; il numero di pagine visitate,<br \/>&#8211; il tempo trascorso tra un clic e un altro<br \/>&#8211; la visualizzazione di determinate risorse<\/p>\n<p style=\"text-align: justify;\">Questi cookie tengono traccia dei percorsi di navigazione permettendoci cos\u00ec di analizzare l&#8217;esperienza d&#8217;uso e migliorarne l&#8217;usabilit\u00e0. Ci\u00f2 che viene analizzato \u00e8 il dato legato all&#8217;utente, ma quest&#8217;ultimo non viene mai identificato.<\/p>\n<p style=\"text-align: justify;\">Informativa gestione dati:<span>\u00a0<\/span><a target=\"_blank\" class=\"link\" href=\"https:\/\/developers.google.com\/analytics\/devguides\/collection\/analyticsjs\/cookie-usageprivacy\" rel=\"noopener noreferrer\">clicca qui<\/a><\/p>\n<p style=\"text-align: justify;\">Informativa privacy:<span>\u00a0<\/span><a target=\"_blank\" class=\"link\" href=\"http:\/\/www.google.com\/intl\/en\/analytics\/privacyoverview.html\" rel=\"noopener noreferrer\">clicca qui<\/a><\/p>\n<p style=\"text-align: justify;\">Uso cookie Google Analytics:<span>\u00a0<\/span><a target=\"_blank\" class=\"link\" href=\"https:\/\/developers.google.com\/analytics\/devguides\/collection\/analyticsjs\/cookie-usage\" rel=\"noopener noreferrer\">clicca qui<\/a><\/p>\n<p style=\"text-align: justify;\"><strong>Social Plugins<\/strong><\/p>\n<p style=\"text-align: justify;\">I social plugins sono rappresentati da quei pulsanti presenti sul sito che mostrano le icone di social network (come Facebook e Twitter) e permettono agli utenti di accedere con un &#8220;click&#8221; alla pagina social selezionata dal sito. I social plugins presenti nelle pagine permettono al social network selezionato di raccogliere i dati relativi alla visita. Con questi pulsanti sono dunque installati cookie di terze parti. Con questi social plugins non viene per\u00f2 scambiata alcuna informazione di navigazione o dato dell&#8217;utente acquisiti.<\/p>\n<p style=\"text-align: justify;\">Utilizzo dei plugin del social network facebook.com gestito dalla Facebook Inc., 1601 S. California Ave, Palo Alto, CA 94304 USA<br \/> Dichiarazione tutela dati Facebook:<span>\u00a0<\/span><a target=\"_blank\" class=\"link\" href=\"https:\/\/www.facebook.com\/privacy\/explanation\" rel=\"noopener noreferrer\">clicca qui<\/a><\/p>\n<p style=\"text-align: justify;\">Utilizzo dei plugin del social network Twitter gestito da Twitter Inc., 795 Folsom St., Suite 600, San Francisco, CA 94107, USA (&#8220;Twitter&#8221;)<br \/> Dichiarazione tutela dati Twitter:<span>\u00a0<\/span><a target=\"_blank\" class=\"link\" href=\"https:\/\/support.twitter.com\/articles\/20170519-uso-dei-cookie-e-di-altre-tecnologie-simili-da-parte-di-twitter\" rel=\"noopener noreferrer\">clicca qui<\/a><\/p>\n<p style=\"text-align: justify;\">Utilizzo dei plugin del social network Google+ gestito dalla Google Inc., 1600 Amphitheatre Parkway Mountain View CA 94043<br \/> Dichiarazione tutela dati Google:<span>\u00a0<\/span><a target=\"_blank\" class=\"link\" href=\"https:\/\/www.google.com\/intl\/it\/policies\/privacy\/\" rel=\"noopener noreferrer\">clicca qui\/<\/a><\/p>\n<p style=\"text-align: justify;\">\n<\/div>\n<p><!-- \/divi:heading --><\/p>\n<p>[\/et_pb_text][\/et_pb_column][\/et_pb_row][\/et_pb_section]<\/p>\n","protected":false},"excerpt":{"rendered":"<p>COOKIE POLICY &nbsp; &nbsp; Cosa sono i cookie e perch\u00e9 li utilizziamo Questo sito fa uso dei cookie per consentire all&#8217;utente di personalizzare la propria visita sul sito.I cookie sono stringhe di testo di piccole dimensioni memorizzate dal browser sul disco rigido del computer con l&#8217;obiettivo di conservare e inviare informazioni. Ogni volta che un [&hellip;]<\/p>\n","protected":false},"author":1,"featured_media":0,"parent":0,"menu_order":0,"comment_status":"closed","ping_status":"closed","template":"","meta":{"_et_pb_use_builder":"on","_et_pb_old_content":"<!-- wp:heading -->\n<h2>Who we are<\/h2>\n<!-- \/wp:heading -->\n\n<!-- wp:paragraph -->\n<p>Our website address is: https:\/\/cantinesangiorgi.it.<\/p>\n<!-- \/wp:paragraph -->\n\n<!-- wp:heading -->\n<h2>What personal data we collect and why we collect it<\/h2>\n<!-- \/wp:heading -->\n\n<!-- wp:heading {\"level\":3} -->\n<h3>Comments<\/h3>\n<!-- \/wp:heading -->\n\n<!-- wp:paragraph -->\n<p>When visitors leave comments on the site we collect the data shown in the comments form, and also the visitor\u2019s IP address and browser user agent string to help spam detection.<\/p>\n<!-- \/wp:paragraph -->\n\n<!-- wp:paragraph -->\n<p>An anonymized string created from your email address (also called a hash) may be provided to the Gravatar service to see if you are using it. The Gravatar service privacy policy is available here: https:\/\/automattic.com\/privacy\/. After approval of your comment, your profile picture is visible to the public in the context of your comment.<\/p>\n<!-- \/wp:paragraph -->\n\n<!-- wp:heading {\"level\":3} -->\n<h3>Media<\/h3>\n<!-- \/wp:heading -->\n\n<!-- wp:paragraph -->\n<p>If you upload images to the website, you should avoid uploading images with embedded location data (EXIF GPS) included. Visitors to the website can download and extract any location data from images on the website.<\/p>\n<!-- \/wp:paragraph -->\n\n<!-- wp:heading {\"level\":3} -->\n<h3>Contact forms<\/h3>\n<!-- \/wp:heading -->\n\n<!-- wp:heading {\"level\":3} -->\n<h3>Cookies<\/h3>\n<!-- \/wp:heading -->\n\n<!-- wp:paragraph -->\n<p>If you leave a comment on our site you may opt-in to saving your name, email address and website in cookies. These are for your convenience so that you do not have to fill in your details again when you leave another comment. These cookies will last for one year.<\/p>\n<!-- \/wp:paragraph -->\n\n<!-- wp:paragraph -->\n<p>If you visit our login page, we will set a temporary cookie to determine if your browser accepts cookies. This cookie contains no personal data and is discarded when you close your browser.<\/p>\n<!-- \/wp:paragraph -->\n\n<!-- wp:paragraph -->\n<p>When you log in, we will also set up several cookies to save your login information and your screen display choices. Login cookies last for two days, and screen options cookies last for a year. If you select \"Remember Me\", your login will persist for two weeks. If you log out of your account, the login cookies will be removed.<\/p>\n<!-- \/wp:paragraph -->\n\n<!-- wp:paragraph -->\n<p>If you edit or publish an article, an additional cookie will be saved in your browser. This cookie includes no personal data and simply indicates the post ID of the article you just edited. It expires after 1 day.<\/p>\n<!-- \/wp:paragraph -->\n\n<!-- wp:heading {\"level\":3} -->\n<h3>Embedded content from other websites<\/h3>\n<!-- \/wp:heading -->\n\n<!-- wp:paragraph -->\n<p>Articles on this site may include embedded content (e.g. videos, images, articles, etc.). Embedded content from other websites behaves in the exact same way as if the visitor has visited the other website.<\/p>\n<!-- \/wp:paragraph -->\n\n<!-- wp:paragraph -->\n<p>These websites may collect data about you, use cookies, embed additional third-party tracking, and monitor your interaction with that embedded content, including tracking your interaction with the embedded content if you have an account and are logged in to that website.<\/p>\n<!-- \/wp:paragraph -->\n\n<!-- wp:heading {\"level\":3} -->\n<h3>Analytics<\/h3>\n<!-- \/wp:heading -->\n\n<!-- wp:heading -->\n<h2>Who we share your data with<\/h2>\n<!-- \/wp:heading -->\n\n<!-- wp:heading -->\n<h2>How long we retain your data<\/h2>\n<!-- \/wp:heading -->\n\n<!-- wp:paragraph -->\n<p>If you leave a comment, the comment and its metadata are retained indefinitely. This is so we can recognize and approve any follow-up comments automatically instead of holding them in a moderation queue.<\/p>\n<!-- \/wp:paragraph -->\n\n<!-- wp:paragraph -->\n<p>For users that register on our website (if any), we also store the personal information they provide in their user profile. All users can see, edit, or delete their personal information at any time (except they cannot change their username). Website administrators can also see and edit that information.<\/p>\n<!-- \/wp:paragraph -->\n\n<!-- wp:heading -->\n<h2>What rights you have over your data<\/h2>\n<!-- \/wp:heading -->\n\n<!-- wp:paragraph -->\n<p>If you have an account on this site, or have left comments, you can request to receive an exported file of the personal data we hold about you, including any data you have provided to us. You can also request that we erase any personal data we hold about you. This does not include any data we are obliged to keep for administrative, legal, or security purposes.<\/p>\n<!-- \/wp:paragraph -->\n\n<!-- wp:heading -->\n<h2>Where we send your data<\/h2>\n<!-- \/wp:heading -->\n\n<!-- wp:paragraph -->\n<p>Visitor comments may be checked through an automated spam detection service.<\/p>\n<!-- \/wp:paragraph -->\n\n<!-- wp:heading -->\n<h2>Your contact information<\/h2>\n<!-- \/wp:heading -->\n\n<!-- wp:heading -->\n<h2>Additional information<\/h2>\n<!-- \/wp:heading -->\n\n<!-- wp:heading {\"level\":3} -->\n<h3>How we protect your data<\/h3>\n<!-- \/wp:heading -->\n\n<!-- wp:heading {\"level\":3} -->\n<h3>What data breach procedures we have in place<\/h3>\n<!-- \/wp:heading -->\n\n<!-- wp:heading {\"level\":3} -->\n<h3>What third parties we receive data from<\/h3>\n<!-- \/wp:heading -->\n\n<!-- wp:heading {\"level\":3} -->\n<h3>What automated decision making and\/or profiling we do with user data<\/h3>\n<!-- \/wp:heading -->\n\n<!-- wp:heading {\"level\":3} -->\n<h3>Industry regulatory disclosure requirements<\/h3>\n<!-- \/wp:heading -->","_et_gb_content_width":"","footnotes":""},"class_list":["post-248","page","type-page","status-publish","hentry"],"yoast_head":"<!-- This site is optimized with the Yoast SEO plugin v24.0 - https:\/\/yoast.com\/wordpress\/plugins\/seo\/ -->\n<title>Cookie Policy - Cantina Sangiorgi a Santa Giuletta<\/title>\n<meta name=\"robots\" content=\"index, follow, max-snippet:-1, max-image-preview:large, max-video-preview:-1\" \/>\n<link rel=\"canonical\" href=\"https:\/\/cantinesangiorgi.it\/index.php\/cookie-policy\/\" \/>\n<meta property=\"og:locale\" content=\"it_IT\" \/>\n<meta property=\"og:type\" content=\"article\" \/>\n<meta property=\"og:title\" content=\"Cookie Policy - Cantina Sangiorgi a Santa Giuletta\" \/>\n<meta property=\"og:description\" content=\"COOKIE POLICY &nbsp; &nbsp; Cosa sono i cookie e perch\u00e9 li utilizziamo Questo sito fa uso dei cookie per consentire all&#039;utente di personalizzare la propria visita sul sito.I cookie sono stringhe di testo di piccole dimensioni memorizzate dal browser sul disco rigido del computer con l&#039;obiettivo di conservare e inviare informazioni. Ogni volta che un [&hellip;]\" \/>\n<meta property=\"og:url\" content=\"https:\/\/cantinesangiorgi.it\/index.php\/cookie-policy\/\" \/>\n<meta property=\"og:site_name\" content=\"Cantina Sangiorgi a Santa Giuletta\" \/>\n<meta property=\"article:modified_time\" content=\"2020-07-08T07:13:57+00:00\" \/>\n<meta name=\"twitter:card\" content=\"summary_large_image\" \/>\n<meta name=\"twitter:label1\" content=\"Tempo di lettura stimato\" \/>\n\t<meta name=\"twitter:data1\" content=\"5 minuti\" \/>\n<script type=\"application\/ld+json\" class=\"yoast-schema-graph\">{\"@context\":\"https:\/\/schema.org\",\"@graph\":[{\"@type\":\"WebPage\",\"@id\":\"https:\/\/cantinesangiorgi.it\/index.php\/cookie-policy\/\",\"url\":\"https:\/\/cantinesangiorgi.it\/index.php\/cookie-policy\/\",\"name\":\"Cookie Policy - Cantina Sangiorgi a Santa Giuletta\",\"isPartOf\":{\"@id\":\"https:\/\/cantinesangiorgi.it\/#website\"},\"datePublished\":\"2020-07-08T07:06:35+00:00\",\"dateModified\":\"2020-07-08T07:13:57+00:00\",\"breadcrumb\":{\"@id\":\"https:\/\/cantinesangiorgi.it\/index.php\/cookie-policy\/#breadcrumb\"},\"inLanguage\":\"it-IT\",\"potentialAction\":[{\"@type\":\"ReadAction\",\"target\":[\"https:\/\/cantinesangiorgi.it\/index.php\/cookie-policy\/\"]}]},{\"@type\":\"BreadcrumbList\",\"@id\":\"https:\/\/cantinesangiorgi.it\/index.php\/cookie-policy\/#breadcrumb\",\"itemListElement\":[{\"@type\":\"ListItem\",\"position\":1,\"name\":\"Home\",\"item\":\"https:\/\/cantinesangiorgi.it\/\"},{\"@type\":\"ListItem\",\"position\":2,\"name\":\"Cookie Policy\"}]},{\"@type\":\"WebSite\",\"@id\":\"https:\/\/cantinesangiorgi.it\/#website\",\"url\":\"https:\/\/cantinesangiorgi.it\/\",\"name\":\"Cantina Sangiorgi a Santa Giuletta\",\"description\":\"Vini di qualit\u00e0 in Oltrep\u00f2 Pavese\",\"publisher\":{\"@id\":\"https:\/\/cantinesangiorgi.it\/#organization\"},\"potentialAction\":[{\"@type\":\"SearchAction\",\"target\":{\"@type\":\"EntryPoint\",\"urlTemplate\":\"https:\/\/cantinesangiorgi.it\/?s={search_term_string}\"},\"query-input\":{\"@type\":\"PropertyValueSpecification\",\"valueRequired\":true,\"valueName\":\"search_term_string\"}}],\"inLanguage\":\"it-IT\"},{\"@type\":\"Organization\",\"@id\":\"https:\/\/cantinesangiorgi.it\/#organization\",\"name\":\"Cantina C\u00e0 del Pero San Giorgi\",\"url\":\"https:\/\/cantinesangiorgi.it\/\",\"logo\":{\"@type\":\"ImageObject\",\"inLanguage\":\"it-IT\",\"@id\":\"https:\/\/cantinesangiorgi.it\/#\/schema\/logo\/image\/\",\"url\":\"https:\/\/cantinesangiorgi.it\/wp-content\/uploads\/2020\/07\/immagine_home.png\",\"contentUrl\":\"https:\/\/cantinesangiorgi.it\/wp-content\/uploads\/2020\/07\/immagine_home.png\",\"width\":441,\"height\":423,\"caption\":\"Cantina C\u00e0 del Pero San Giorgi\"},\"image\":{\"@id\":\"https:\/\/cantinesangiorgi.it\/#\/schema\/logo\/image\/\"}}]}<\/script>\n<!-- \/ Yoast SEO plugin. -->","yoast_head_json":{"title":"Cookie Policy - Cantina Sangiorgi a Santa Giuletta","robots":{"index":"index","follow":"follow","max-snippet":"max-snippet:-1","max-image-preview":"max-image-preview:large","max-video-preview":"max-video-preview:-1"},"canonical":"https:\/\/cantinesangiorgi.it\/index.php\/cookie-policy\/","og_locale":"it_IT","og_type":"article","og_title":"Cookie Policy - Cantina Sangiorgi a Santa Giuletta","og_description":"COOKIE POLICY &nbsp; &nbsp; Cosa sono i cookie e perch\u00e9 li utilizziamo Questo sito fa uso dei cookie per consentire all'utente di personalizzare la propria visita sul sito.I cookie sono stringhe di testo di piccole dimensioni memorizzate dal browser sul disco rigido del computer con l'obiettivo di conservare e inviare informazioni. Ogni volta che un [&hellip;]","og_url":"https:\/\/cantinesangiorgi.it\/index.php\/cookie-policy\/","og_site_name":"Cantina Sangiorgi a Santa Giuletta","article_modified_time":"2020-07-08T07:13:57+00:00","twitter_card":"summary_large_image","twitter_misc":{"Tempo di lettura stimato":"5 minuti"},"schema":{"@context":"https:\/\/schema.org","@graph":[{"@type":"WebPage","@id":"https:\/\/cantinesangiorgi.it\/index.php\/cookie-policy\/","url":"https:\/\/cantinesangiorgi.it\/index.php\/cookie-policy\/","name":"Cookie Policy - Cantina Sangiorgi a Santa Giuletta","isPartOf":{"@id":"https:\/\/cantinesangiorgi.it\/#website"},"datePublished":"2020-07-08T07:06:35+00:00","dateModified":"2020-07-08T07:13:57+00:00","breadcrumb":{"@id":"https:\/\/cantinesangiorgi.it\/index.php\/cookie-policy\/#breadcrumb"},"inLanguage":"it-IT","potentialAction":[{"@type":"ReadAction","target":["https:\/\/cantinesangiorgi.it\/index.php\/cookie-policy\/"]}]},{"@type":"BreadcrumbList","@id":"https:\/\/cantinesangiorgi.it\/index.php\/cookie-policy\/#breadcrumb","itemListElement":[{"@type":"ListItem","position":1,"name":"Home","item":"https:\/\/cantinesangiorgi.it\/"},{"@type":"ListItem","position":2,"name":"Cookie Policy"}]},{"@type":"WebSite","@id":"https:\/\/cantinesangiorgi.it\/#website","url":"https:\/\/cantinesangiorgi.it\/","name":"Cantina Sangiorgi a Santa Giuletta","description":"Vini di qualit\u00e0 in Oltrep\u00f2 Pavese","publisher":{"@id":"https:\/\/cantinesangiorgi.it\/#organization"},"potentialAction":[{"@type":"SearchAction","target":{"@type":"EntryPoint","urlTemplate":"https:\/\/cantinesangiorgi.it\/?s={search_term_string}"},"query-input":{"@type":"PropertyValueSpecification","valueRequired":true,"valueName":"search_term_string"}}],"inLanguage":"it-IT"},{"@type":"Organization","@id":"https:\/\/cantinesangiorgi.it\/#organization","name":"Cantina C\u00e0 del Pero San Giorgi","url":"https:\/\/cantinesangiorgi.it\/","logo":{"@type":"ImageObject","inLanguage":"it-IT","@id":"https:\/\/cantinesangiorgi.it\/#\/schema\/logo\/image\/","url":"https:\/\/cantinesangiorgi.it\/wp-content\/uploads\/2020\/07\/immagine_home.png","contentUrl":"https:\/\/cantinesangiorgi.it\/wp-content\/uploads\/2020\/07\/immagine_home.png","width":441,"height":423,"caption":"Cantina C\u00e0 del Pero San Giorgi"},"image":{"@id":"https:\/\/cantinesangiorgi.it\/#\/schema\/logo\/image\/"}}]}},"_links":{"self":[{"href":"https:\/\/cantinesangiorgi.it\/index.php\/wp-json\/wp\/v2\/pages\/248"}],"collection":[{"href":"https:\/\/cantinesangiorgi.it\/index.php\/wp-json\/wp\/v2\/pages"}],"about":[{"href":"https:\/\/cantinesangiorgi.it\/index.php\/wp-json\/wp\/v2\/types\/page"}],"author":[{"embeddable":true,"href":"https:\/\/cantinesangiorgi.it\/index.php\/wp-json\/wp\/v2\/users\/1"}],"replies":[{"embeddable":true,"href":"https:\/\/cantinesangiorgi.it\/index.php\/wp-json\/wp\/v2\/comments?post=248"}],"version-history":[{"count":4,"href":"https:\/\/cantinesangiorgi.it\/index.php\/wp-json\/wp\/v2\/pages\/248\/revisions"}],"predecessor-version":[{"id":253,"href":"https:\/\/cantinesangiorgi.it\/index.php\/wp-json\/wp\/v2\/pages\/248\/revisions\/253"}],"wp:attachment":[{"href":"https:\/\/cantinesangiorgi.it\/index.php\/wp-json\/wp\/v2\/media?parent=248"}],"curies":[{"name":"wp","href":"https:\/\/api.w.org\/{rel}","templated":true}]}}