{"id":3,"date":"2020-05-25T07:34:27","date_gmt":"2020-05-25T07:34:27","guid":{"rendered":"https:\/\/cantinesangiorgi.it\/?page_id=3"},"modified":"2020-07-08T13:51:42","modified_gmt":"2020-07-08T13:51:42","slug":"privacy-policy","status":"publish","type":"page","link":"https:\/\/cantinesangiorgi.it\/index.php\/privacy-policy\/","title":{"rendered":"Privacy Policy"},"content":{"rendered":"<p>[et_pb_section fb_built=&#8221;1&#8243; _builder_version=&#8221;3.22&#8243;][et_pb_row _builder_version=&#8221;3.25&#8243; background_size=&#8221;initial&#8221; background_position=&#8221;top_left&#8221; background_repeat=&#8221;repeat&#8221;][et_pb_column type=&#8221;4_4&#8243; _builder_version=&#8221;3.25&#8243; custom_padding=&#8221;|||&#8221; custom_padding__hover=&#8221;|||&#8221;][et_pb_text _builder_version=&#8221;4.4.9&#8243; background_size=&#8221;initial&#8221; background_position=&#8221;top_left&#8221; background_repeat=&#8221;repeat&#8221; hover_enabled=&#8221;0&#8243;]<\/p>\n<h4><!-- divi:heading --><strong>INFORMATIVA PER IL TRATTAMENTO DEI DATI PERSONALI<\/strong><\/h4>\n<p style=\"text-align: justify;\">Azienda Agricola C\u00e0 del Pero di Sangiorgi Angelo con sede inVia Marconi 34 \u2013 27045 Santa Giuletta (Pv) C.F. SNGNGL49P281203L &#8211; P.I.V.A. 00887010189, di seguito &#8220;Titolare&#8221;, in qualit\u00e0 di titolare del trattamento, informa ai sensi dell&#8217;art. 13 D.Lgs. 30.6.2003 n. 196, di seguito, &#8220;Codice Privacy&#8221; e dell&#8217;art. 13 Regolamento UE n. 2016\/679, di seguito, &#8220;GDPR&#8221;, che i suoi dati saranno trattati con le modalit\u00e0 e per le finalit\u00e0 seguenti:<\/p>\n<p style=\"text-align: justify;\"><strong>1. Oggetto del Trattamento<\/strong><br \/> Il Titolare tratta i dati personali, identificativi (ad esempio, nome, cognome, ragione sociale, indirizzo, telefono, e-mail) \u2013 in seguito, &#8220;dati personali&#8221; o anche &#8220;dati&#8221;) comunicati attraverso il sito cantinesangiorgi.it in occasione di trasmissioni via mail o compilando form sempre all&#8217;interno del sito.<\/p>\n<p style=\"text-align: justify;\"><strong>2. Finalit\u00e0 del trattamento<\/strong><br \/> I suoi dati personali sono trattati, previo il suo consenso espresso (art. 24 lett. a), b), c) Codice Privacy e art. 6 lett. b), e) GDPR), per le seguenti finalit\u00e0:<br \/> risposta alle comunicazioni inviate;<br \/> elaborazione delle comunicazioni a scopo statistico e commerciale;<br \/> inviarLe via e-mail, posta e\/o sms e\/o contatti telefonici, newsletter, comunicazioni commerciali e\/o materiale pubblicitario su prodotti o servizi offerti dal Titolare e comunicazioni commerciali relative a servizi e prodotti del Titolare analoghi a quelli di cui ha gi\u00e0 usufruito, salvo suo esplicito dissenso (art. 130 c. 4 Codice Privacy).<br \/> inviarLe via e-mail, posta e\/o sms e\/o contatti telefonici, newsletter, comunicazioni commerciali e\/o materiale pubblicitario su prodotti o servizi offerti da partner commerciali affiliati al Titolare.<\/p>\n<p style=\"text-align: justify;\"><strong>3. Modalit\u00e0 di trattamento<\/strong><br \/> Il trattamento dei Suoi dati personali \u00e8 realizzato per mezzo delle operazioni indicate all&#8217;art. 4 Codice Privacy e all&#8217;art. 4 n. 2) GDPR e precisamente: raccolta, registrazione, organizzazione, conservazione, consultazione, elaborazione, modificazione, selezione, estrazione, raffronto, utilizzo, comunicazione, cancellazione e distruzione dei dati. I suoi dati personali sono sottoposti a trattamento sia cartaceo che elettronico. Il Titolare tratter\u00e0 i dati personali per il tempo necessario per adempiere alle finalit\u00e0 di cui sopra e comunque per non oltre 10 anni dalla cessazione del rapporto.<\/p>\n<p style=\"text-align: justify;\"><strong>4. Accesso ai dati<\/strong><br \/> I suoi dati potranno essere resi accessibili per le finalit\u00e0 di cui all&#8217;art. 2:<br \/> &#8211; a dipendenti e collaboratori del Titolare in Italia e all&#8217;estero, nella loro qualit\u00e0 di incaricati e\/o responsabili interni del trattamento e\/o amministratori di sistema, consulenti fiscali e del lavoro.<br \/> &#8211; a societ\u00e0 terze o altri soggetti (a titolo indicativo, rappresentanti commerciali.) che svolgono attivit\u00e0 commerciale per conto del Titolare, nella loro qualit\u00e0 di responsabili esterni del trattamento.<\/p>\n<p style=\"text-align: justify;\"><strong>5. Comunicazione dei dati<\/strong><br \/> Senza la necessit\u00e0 di un espresso consenso (ex art. 24 lett. a), b), d) Codice Privacy e art. 6 lett. b) e c) GDPR), il Titolare potr\u00e0 comunicare i suoi dati per le finalit\u00e0 di cui all&#8217;art. 2 a quei soggetti ai quali la comunicazione sia obbligatoria per legge per l&#8217;espletamento delle finalit\u00e0 dette. Detti soggetti tratteranno i dati nella loro qualit\u00e0 di autonomi titolari del trattamento. I suoi dati non saranno diffusi a terzi.<\/p>\n<p style=\"text-align: justify;\"><strong>6. Trasferimento dati<\/strong><br \/> I dati personali sono conservati su server ubicati in Italia, all&#8217;interno dell&#8217;Unione Europea. Resta in ogni caso inteso che il Titolare, ove si rendesse necessario, avr\u00e0 facolt\u00e0 di spostare i server anche extra-UE. In tal caso, il Titolare assicura sin d&#8217;ora che il trasferimento dei dati extra-UE avverr\u00e0 in conformit\u00e0 alle disposizioni di legge applicabili, previa stipula delle clausole contrattuali standard previste dalla Commissione Europea.<\/p>\n<p style=\"text-align: justify;\"><strong>7. Natura del conferimento dei dati e conseguenze del rifiuto di rispondere<\/strong><br \/> Il conferimento dei dati per le finalit\u00e0 di cui all&#8217;art. 2.A) \u00e8 obbligatorio. In loro assenza, non potremo garantirle i servizi dell&#8217;art. 2<\/p>\n<p style=\"text-align: justify;\"><strong>8. Diritti dell&#8217;interessato<\/strong><br \/> Nella sua qualit\u00e0 di interessato, ha i diritti di cui all&#8217;art. 7 Codice Privacy e art. 15 GDPR e precisamente i diritti di:<\/p>\n<p style=\"text-align: justify;\">1) ottenere la conferma dell&#8217;esistenza o meno di dati personali che La riguardano, anche se non ancora registrati, e la loro comunicazione in forma intelligibile;<\/p>\n<p style=\"text-align: justify;\">2) ottenere l&#8217;indicazione:<br \/> a) dell&#8217;origine dei dati personali;<br \/> b) delle finalit\u00e0 e modalit\u00e0 del trattamento;<br \/> c) della logica applicata in caso di trattamento effettuato con l&#8217;ausilio di strumenti elettronici;<br \/> d) degli estremi identificativi del titolare, dei responsabili e del rappresentante designato ai sensi dell&#8217;art. 5, comma 2 Codice Privacy e art. 3, comma 1, GDPR;<br \/> e) dei soggetti o delle categorie di soggetti ai quali i dati personali possono essere comunicati o che possono venirne a conoscenza in qualit\u00e0 di rappresentante designato nel territorio dello Stato, di responsabili o incaricati;<\/p>\n<p style=\"text-align: justify;\">3 ottenere:<br \/> a) l&#8217;aggiornamento, la rettificazione ovvero, quando vi ha interesse, l&#8217;integrazione dei dati;<br \/> b) la cancellazione, la trasformazione in forma anonima o il blocco dei dati trattati in violazione di legge, compresi quelli di cui non \u00e8 necessaria la conservazione in relazione agli scopi per i quali i dati sono stati raccolti o successivamente trattati;<br \/> c) l&#8217;attestazione che le operazioni di cui alla lettere a) sono state portate a conoscenza, anche per quanto riguarda il loro contenuto, di coloro ai quali i dati sono stati comunicati o diffusi, eccettuato il caso in cui tale adempimento si rivela impossibile o comporta un impiego di mezzi manifestamente sproporzionato rispetto al diritto tutelato;<\/p>\n<p style=\"text-align: justify;\">4 opporsi, in tutto o in parte:<br \/> a) per motivi legittimi al trattamento dei dati personali che la riguardano, ancorch\u00e9 pertinenti allo scopo della raccolta;<br \/> b) al trattamento di dati personali che la riguardano a fini di invio di materiale pubblicitario o di vendita diretta o per il compimento di ricerche di mercato o di comunicazione commerciale, mediante l&#8217;uso di sistemi automatizzati di chiamata senza l&#8217;intervento di un operatore mediante e-mail e\/o mediante modalit\u00e0 di marketing tradizionali mediante telefono e\/o posta cartacea. Si fa presente che il diritto di opposizione dell&#8217;interessato, esposto al precedente punto b), per finalit\u00e0 di marketing diretto mediante modalit\u00e0 automatizzate si estende a quelle tradizionali e che comunque resta salva la possibilit\u00e0 per l&#8217;interessato di esercitare il diritto di opposizione anche solo in parte. Pertanto, l&#8217;interessato pu\u00f2 decidere di ricevere solo comunicazioni mediante modalit\u00e0 tradizionali ovvero solo comunicazioni automatizzate oppure nessuna delle due tipologie di comunicazione. Ove applicabili, ha altres\u00ec i diritti di cui agli artt. 16-21 GDPR (Diritto di rettifica, diritto all&#8217;oblio, diritto di limitazione di trattamento, diritto alla portabilit\u00e0 dei dati, diritto di opposizione), nonch\u00e9 il diritto di reclamo all&#8217;Autorit\u00e0 Garante.<\/p>\n<p style=\"text-align: justify;\"><strong>9. Modalit\u00e0 di esercizio dei diritti<\/strong><br \/> Potr\u00e0 in qualsiasi momento esercitare i diritti inviando una e-mail all&#8217;indirizzo cantinesagiorgi@hotmail.it<\/p>\n<p style=\"text-align: justify;\"><strong>10. Titolare, responsabile e incaricati<\/strong><br \/> Azienda Agricola C\u00e0 del Pero di Sangiorgi Angelo con sede inVia Marconi 34 \u2013 27045 Santa Giuletta (Pv) C.F. SNGNGL49P281203L &#8211; P.I.V.A. 00887010189<\/p>\n<p style=\"text-align: justify;\">\n<p><!-- \/divi:heading --><\/p>\n<p>[\/et_pb_text][\/et_pb_column][\/et_pb_row][\/et_pb_section]<\/p>\n","protected":false},"excerpt":{"rendered":"<p>INFORMATIVA PER IL TRATTAMENTO DEI DATI PERSONALI Azienda Agricola C\u00e0 del Pero di Sangiorgi Angelo con sede inVia Marconi 34 \u2013 27045 Santa Giuletta (Pv) C.F. SNGNGL49P281203L &#8211; P.I.V.A. 00887010189, di seguito &#8220;Titolare&#8221;, in qualit\u00e0 di titolare del trattamento, informa ai sensi dell&#8217;art. 13 D.Lgs. 30.6.2003 n. 196, di seguito, &#8220;Codice Privacy&#8221; e dell&#8217;art. 13 [&hellip;]<\/p>\n","protected":false},"author":1,"featured_media":0,"parent":0,"menu_order":0,"comment_status":"closed","ping_status":"closed","template":"","meta":{"_et_pb_use_builder":"on","_et_pb_old_content":"<!-- wp:heading -->\n<h2>Who we are<\/h2>\n<!-- \/wp:heading -->\n\n<!-- wp:paragraph -->\n<p>Our website address is: https:\/\/cantinesangiorgi.it.<\/p>\n<!-- \/wp:paragraph -->\n\n<!-- wp:heading -->\n<h2>What personal data we collect and why we collect it<\/h2>\n<!-- \/wp:heading -->\n\n<!-- wp:heading {\"level\":3} -->\n<h3>Comments<\/h3>\n<!-- \/wp:heading -->\n\n<!-- wp:paragraph -->\n<p>When visitors leave comments on the site we collect the data shown in the comments form, and also the visitor\u2019s IP address and browser user agent string to help spam detection.<\/p>\n<!-- \/wp:paragraph -->\n\n<!-- wp:paragraph -->\n<p>An anonymized string created from your email address (also called a hash) may be provided to the Gravatar service to see if you are using it. The Gravatar service privacy policy is available here: https:\/\/automattic.com\/privacy\/. After approval of your comment, your profile picture is visible to the public in the context of your comment.<\/p>\n<!-- \/wp:paragraph -->\n\n<!-- wp:heading {\"level\":3} -->\n<h3>Media<\/h3>\n<!-- \/wp:heading -->\n\n<!-- wp:paragraph -->\n<p>If you upload images to the website, you should avoid uploading images with embedded location data (EXIF GPS) included. Visitors to the website can download and extract any location data from images on the website.<\/p>\n<!-- \/wp:paragraph -->\n\n<!-- wp:heading {\"level\":3} -->\n<h3>Contact forms<\/h3>\n<!-- \/wp:heading -->\n\n<!-- wp:heading {\"level\":3} -->\n<h3>Cookies<\/h3>\n<!-- \/wp:heading -->\n\n<!-- wp:paragraph -->\n<p>If you leave a comment on our site you may opt-in to saving your name, email address and website in cookies. These are for your convenience so that you do not have to fill in your details again when you leave another comment. These cookies will last for one year.<\/p>\n<!-- \/wp:paragraph -->\n\n<!-- wp:paragraph -->\n<p>If you visit our login page, we will set a temporary cookie to determine if your browser accepts cookies. This cookie contains no personal data and is discarded when you close your browser.<\/p>\n<!-- \/wp:paragraph -->\n\n<!-- wp:paragraph -->\n<p>When you log in, we will also set up several cookies to save your login information and your screen display choices. Login cookies last for two days, and screen options cookies last for a year. If you select \"Remember Me\", your login will persist for two weeks. If you log out of your account, the login cookies will be removed.<\/p>\n<!-- \/wp:paragraph -->\n\n<!-- wp:paragraph -->\n<p>If you edit or publish an article, an additional cookie will be saved in your browser. This cookie includes no personal data and simply indicates the post ID of the article you just edited. It expires after 1 day.<\/p>\n<!-- \/wp:paragraph -->\n\n<!-- wp:heading {\"level\":3} -->\n<h3>Embedded content from other websites<\/h3>\n<!-- \/wp:heading -->\n\n<!-- wp:paragraph -->\n<p>Articles on this site may include embedded content (e.g. videos, images, articles, etc.). Embedded content from other websites behaves in the exact same way as if the visitor has visited the other website.<\/p>\n<!-- \/wp:paragraph -->\n\n<!-- wp:paragraph -->\n<p>These websites may collect data about you, use cookies, embed additional third-party tracking, and monitor your interaction with that embedded content, including tracking your interaction with the embedded content if you have an account and are logged in to that website.<\/p>\n<!-- \/wp:paragraph -->\n\n<!-- wp:heading {\"level\":3} -->\n<h3>Analytics<\/h3>\n<!-- \/wp:heading -->\n\n<!-- wp:heading -->\n<h2>Who we share your data with<\/h2>\n<!-- \/wp:heading -->\n\n<!-- wp:heading -->\n<h2>How long we retain your data<\/h2>\n<!-- \/wp:heading -->\n\n<!-- wp:paragraph -->\n<p>If you leave a comment, the comment and its metadata are retained indefinitely. This is so we can recognize and approve any follow-up comments automatically instead of holding them in a moderation queue.<\/p>\n<!-- \/wp:paragraph -->\n\n<!-- wp:paragraph -->\n<p>For users that register on our website (if any), we also store the personal information they provide in their user profile. All users can see, edit, or delete their personal information at any time (except they cannot change their username). Website administrators can also see and edit that information.<\/p>\n<!-- \/wp:paragraph -->\n\n<!-- wp:heading -->\n<h2>What rights you have over your data<\/h2>\n<!-- \/wp:heading -->\n\n<!-- wp:paragraph -->\n<p>If you have an account on this site, or have left comments, you can request to receive an exported file of the personal data we hold about you, including any data you have provided to us. You can also request that we erase any personal data we hold about you. This does not include any data we are obliged to keep for administrative, legal, or security purposes.<\/p>\n<!-- \/wp:paragraph -->\n\n<!-- wp:heading -->\n<h2>Where we send your data<\/h2>\n<!-- \/wp:heading -->\n\n<!-- wp:paragraph -->\n<p>Visitor comments may be checked through an automated spam detection service.<\/p>\n<!-- \/wp:paragraph -->\n\n<!-- wp:heading -->\n<h2>Your contact information<\/h2>\n<!-- \/wp:heading -->\n\n<!-- wp:heading -->\n<h2>Additional information<\/h2>\n<!-- \/wp:heading -->\n\n<!-- wp:heading {\"level\":3} -->\n<h3>How we protect your data<\/h3>\n<!-- \/wp:heading -->\n\n<!-- wp:heading {\"level\":3} -->\n<h3>What data breach procedures we have in place<\/h3>\n<!-- \/wp:heading -->\n\n<!-- wp:heading {\"level\":3} -->\n<h3>What third parties we receive data from<\/h3>\n<!-- \/wp:heading -->\n\n<!-- wp:heading {\"level\":3} -->\n<h3>What automated decision making and\/or profiling we do with user data<\/h3>\n<!-- \/wp:heading -->\n\n<!-- wp:heading {\"level\":3} -->\n<h3>Industry regulatory disclosure requirements<\/h3>\n<!-- \/wp:heading -->","_et_gb_content_width":"","footnotes":""},"class_list":["post-3","page","type-page","status-publish","hentry"],"yoast_head":"<!-- This site is optimized with the Yoast SEO plugin v24.0 - https:\/\/yoast.com\/wordpress\/plugins\/seo\/ -->\n<title>Privacy Policy - Cantina Sangiorgi a Santa Giuletta<\/title>\n<meta name=\"robots\" content=\"index, follow, max-snippet:-1, max-image-preview:large, max-video-preview:-1\" \/>\n<link rel=\"canonical\" href=\"https:\/\/cantinesangiorgi.it\/index.php\/privacy-policy\/\" \/>\n<meta property=\"og:locale\" content=\"it_IT\" \/>\n<meta property=\"og:type\" content=\"article\" \/>\n<meta property=\"og:title\" content=\"Privacy Policy - Cantina Sangiorgi a Santa Giuletta\" \/>\n<meta property=\"og:description\" content=\"INFORMATIVA PER IL TRATTAMENTO DEI DATI PERSONALI Azienda Agricola C\u00e0 del Pero di Sangiorgi Angelo con sede inVia Marconi 34 \u2013 27045 Santa Giuletta (Pv) C.F. SNGNGL49P281203L - P.I.V.A. 00887010189, di seguito &quot;Titolare&quot;, in qualit\u00e0 di titolare del trattamento, informa ai sensi dell&#039;art. 13 D.Lgs. 30.6.2003 n. 196, di seguito, &quot;Codice Privacy&quot; e dell&#039;art. 13 [&hellip;]\" \/>\n<meta property=\"og:url\" content=\"https:\/\/cantinesangiorgi.it\/index.php\/privacy-policy\/\" \/>\n<meta property=\"og:site_name\" content=\"Cantina Sangiorgi a Santa Giuletta\" \/>\n<meta property=\"article:modified_time\" content=\"2020-07-08T13:51:42+00:00\" \/>\n<meta name=\"twitter:card\" content=\"summary_large_image\" \/>\n<meta name=\"twitter:label1\" content=\"Tempo di lettura stimato\" \/>\n\t<meta name=\"twitter:data1\" content=\"6 minuti\" \/>\n<script type=\"application\/ld+json\" class=\"yoast-schema-graph\">{\"@context\":\"https:\/\/schema.org\",\"@graph\":[{\"@type\":\"WebPage\",\"@id\":\"https:\/\/cantinesangiorgi.it\/index.php\/privacy-policy\/\",\"url\":\"https:\/\/cantinesangiorgi.it\/index.php\/privacy-policy\/\",\"name\":\"Privacy Policy - Cantina Sangiorgi a Santa Giuletta\",\"isPartOf\":{\"@id\":\"https:\/\/cantinesangiorgi.it\/#website\"},\"datePublished\":\"2020-05-25T07:34:27+00:00\",\"dateModified\":\"2020-07-08T13:51:42+00:00\",\"breadcrumb\":{\"@id\":\"https:\/\/cantinesangiorgi.it\/index.php\/privacy-policy\/#breadcrumb\"},\"inLanguage\":\"it-IT\",\"potentialAction\":[{\"@type\":\"ReadAction\",\"target\":[\"https:\/\/cantinesangiorgi.it\/index.php\/privacy-policy\/\"]}]},{\"@type\":\"BreadcrumbList\",\"@id\":\"https:\/\/cantinesangiorgi.it\/index.php\/privacy-policy\/#breadcrumb\",\"itemListElement\":[{\"@type\":\"ListItem\",\"position\":1,\"name\":\"Home\",\"item\":\"https:\/\/cantinesangiorgi.it\/\"},{\"@type\":\"ListItem\",\"position\":2,\"name\":\"Privacy Policy\"}]},{\"@type\":\"WebSite\",\"@id\":\"https:\/\/cantinesangiorgi.it\/#website\",\"url\":\"https:\/\/cantinesangiorgi.it\/\",\"name\":\"Cantina Sangiorgi a Santa Giuletta\",\"description\":\"Vini di qualit\u00e0 in Oltrep\u00f2 Pavese\",\"publisher\":{\"@id\":\"https:\/\/cantinesangiorgi.it\/#organization\"},\"potentialAction\":[{\"@type\":\"SearchAction\",\"target\":{\"@type\":\"EntryPoint\",\"urlTemplate\":\"https:\/\/cantinesangiorgi.it\/?s={search_term_string}\"},\"query-input\":{\"@type\":\"PropertyValueSpecification\",\"valueRequired\":true,\"valueName\":\"search_term_string\"}}],\"inLanguage\":\"it-IT\"},{\"@type\":\"Organization\",\"@id\":\"https:\/\/cantinesangiorgi.it\/#organization\",\"name\":\"Cantina C\u00e0 del Pero San Giorgi\",\"url\":\"https:\/\/cantinesangiorgi.it\/\",\"logo\":{\"@type\":\"ImageObject\",\"inLanguage\":\"it-IT\",\"@id\":\"https:\/\/cantinesangiorgi.it\/#\/schema\/logo\/image\/\",\"url\":\"https:\/\/cantinesangiorgi.it\/wp-content\/uploads\/2020\/07\/immagine_home.png\",\"contentUrl\":\"https:\/\/cantinesangiorgi.it\/wp-content\/uploads\/2020\/07\/immagine_home.png\",\"width\":441,\"height\":423,\"caption\":\"Cantina C\u00e0 del Pero San Giorgi\"},\"image\":{\"@id\":\"https:\/\/cantinesangiorgi.it\/#\/schema\/logo\/image\/\"}}]}<\/script>\n<!-- \/ Yoast SEO plugin. -->","yoast_head_json":{"title":"Privacy Policy - Cantina Sangiorgi a Santa Giuletta","robots":{"index":"index","follow":"follow","max-snippet":"max-snippet:-1","max-image-preview":"max-image-preview:large","max-video-preview":"max-video-preview:-1"},"canonical":"https:\/\/cantinesangiorgi.it\/index.php\/privacy-policy\/","og_locale":"it_IT","og_type":"article","og_title":"Privacy Policy - Cantina Sangiorgi a Santa Giuletta","og_description":"INFORMATIVA PER IL TRATTAMENTO DEI DATI PERSONALI Azienda Agricola C\u00e0 del Pero di Sangiorgi Angelo con sede inVia Marconi 34 \u2013 27045 Santa Giuletta (Pv) C.F. SNGNGL49P281203L - P.I.V.A. 00887010189, di seguito \"Titolare\", in qualit\u00e0 di titolare del trattamento, informa ai sensi dell'art. 13 D.Lgs. 30.6.2003 n. 196, di seguito, \"Codice Privacy\" e dell'art. 13 [&hellip;]","og_url":"https:\/\/cantinesangiorgi.it\/index.php\/privacy-policy\/","og_site_name":"Cantina Sangiorgi a Santa Giuletta","article_modified_time":"2020-07-08T13:51:42+00:00","twitter_card":"summary_large_image","twitter_misc":{"Tempo di lettura stimato":"6 minuti"},"schema":{"@context":"https:\/\/schema.org","@graph":[{"@type":"WebPage","@id":"https:\/\/cantinesangiorgi.it\/index.php\/privacy-policy\/","url":"https:\/\/cantinesangiorgi.it\/index.php\/privacy-policy\/","name":"Privacy Policy - Cantina Sangiorgi a Santa Giuletta","isPartOf":{"@id":"https:\/\/cantinesangiorgi.it\/#website"},"datePublished":"2020-05-25T07:34:27+00:00","dateModified":"2020-07-08T13:51:42+00:00","breadcrumb":{"@id":"https:\/\/cantinesangiorgi.it\/index.php\/privacy-policy\/#breadcrumb"},"inLanguage":"it-IT","potentialAction":[{"@type":"ReadAction","target":["https:\/\/cantinesangiorgi.it\/index.php\/privacy-policy\/"]}]},{"@type":"BreadcrumbList","@id":"https:\/\/cantinesangiorgi.it\/index.php\/privacy-policy\/#breadcrumb","itemListElement":[{"@type":"ListItem","position":1,"name":"Home","item":"https:\/\/cantinesangiorgi.it\/"},{"@type":"ListItem","position":2,"name":"Privacy Policy"}]},{"@type":"WebSite","@id":"https:\/\/cantinesangiorgi.it\/#website","url":"https:\/\/cantinesangiorgi.it\/","name":"Cantina Sangiorgi a Santa Giuletta","description":"Vini di qualit\u00e0 in Oltrep\u00f2 Pavese","publisher":{"@id":"https:\/\/cantinesangiorgi.it\/#organization"},"potentialAction":[{"@type":"SearchAction","target":{"@type":"EntryPoint","urlTemplate":"https:\/\/cantinesangiorgi.it\/?s={search_term_string}"},"query-input":{"@type":"PropertyValueSpecification","valueRequired":true,"valueName":"search_term_string"}}],"inLanguage":"it-IT"},{"@type":"Organization","@id":"https:\/\/cantinesangiorgi.it\/#organization","name":"Cantina C\u00e0 del Pero San Giorgi","url":"https:\/\/cantinesangiorgi.it\/","logo":{"@type":"ImageObject","inLanguage":"it-IT","@id":"https:\/\/cantinesangiorgi.it\/#\/schema\/logo\/image\/","url":"https:\/\/cantinesangiorgi.it\/wp-content\/uploads\/2020\/07\/immagine_home.png","contentUrl":"https:\/\/cantinesangiorgi.it\/wp-content\/uploads\/2020\/07\/immagine_home.png","width":441,"height":423,"caption":"Cantina C\u00e0 del Pero San Giorgi"},"image":{"@id":"https:\/\/cantinesangiorgi.it\/#\/schema\/logo\/image\/"}}]}},"_links":{"self":[{"href":"https:\/\/cantinesangiorgi.it\/index.php\/wp-json\/wp\/v2\/pages\/3"}],"collection":[{"href":"https:\/\/cantinesangiorgi.it\/index.php\/wp-json\/wp\/v2\/pages"}],"about":[{"href":"https:\/\/cantinesangiorgi.it\/index.php\/wp-json\/wp\/v2\/types\/page"}],"author":[{"embeddable":true,"href":"https:\/\/cantinesangiorgi.it\/index.php\/wp-json\/wp\/v2\/users\/1"}],"replies":[{"embeddable":true,"href":"https:\/\/cantinesangiorgi.it\/index.php\/wp-json\/wp\/v2\/comments?post=3"}],"version-history":[{"count":2,"href":"https:\/\/cantinesangiorgi.it\/index.php\/wp-json\/wp\/v2\/pages\/3\/revisions"}],"predecessor-version":[{"id":256,"href":"https:\/\/cantinesangiorgi.it\/index.php\/wp-json\/wp\/v2\/pages\/3\/revisions\/256"}],"wp:attachment":[{"href":"https:\/\/cantinesangiorgi.it\/index.php\/wp-json\/wp\/v2\/media?parent=3"}],"curies":[{"name":"wp","href":"https:\/\/api.w.org\/{rel}","templated":true}]}}